{"id":259583,"date":"2021-04-16T10:20:10","date_gmt":"2021-04-16T08:20:10","guid":{"rendered":"https:\/\/www.orangelo.io\/?post_type=product&#038;p=259583"},"modified":"2021-06-09T16:36:22","modified_gmt":"2021-06-09T14:36:22","slug":"bras-support-ecran-flo","status":"publish","type":"product","link":"https:\/\/www.orangelo.io\/en\/produit\/bras-support-ecran-flo\/","title":{"rendered":"Bras support-\u00e9cran Flo"},"content":{"rendered":"","protected":false},"excerpt":{"rendered":"<p>La conception unique de Flo offre une port\u00e9e et une facilit\u00e9 de mouvement qui le d\u00e9marquent de tous les autres supports d\u2019\u00e9cran\/de tablette. Il permet un ajustement facile par l\u2019utilisateur\u00a0afin de faire correspondre le poids de l\u2019\u00e9cran \u00e0 la tension du bras. Ainsi,\u00a0la hauteur de l\u2019\u00e9cran peut \u00eatre r\u00e9gl\u00e9e de fa\u00e7on \u00e0 r\u00e9pondre aux exigences\u00a0particuli\u00e8res de la personne l\u2019utilisant.<\/p>\n","protected":false},"featured_media":259593,"comment_status":"open","ping_status":"closed","template":"","meta":{"_acf_changed":false,"_et_pb_use_builder":"off","_et_pb_old_content":"","_et_gb_content_width":"","inline_featured_image":false},"product_cat":[34],"product_tag":[31],"class_list":{"0":"post-259583","1":"product","2":"type-product","3":"status-publish","4":"has-post-thumbnail","6":"product_cat-accessoires","7":"product_tag-neuf","9":"first","10":"instock","11":"shipping-taxable","12":"product-type-simple"},"acf":[],"_links":{"self":[{"href":"https:\/\/www.orangelo.io\/en\/wp-json\/wp\/v2\/product\/259583","targetHints":{"allow":["GET"]}}],"collection":[{"href":"https:\/\/www.orangelo.io\/en\/wp-json\/wp\/v2\/product"}],"about":[{"href":"https:\/\/www.orangelo.io\/en\/wp-json\/wp\/v2\/types\/product"}],"replies":[{"embeddable":true,"href":"https:\/\/www.orangelo.io\/en\/wp-json\/wp\/v2\/comments?post=259583"}],"wp:featuredmedia":[{"embeddable":true,"href":"https:\/\/www.orangelo.io\/en\/wp-json\/wp\/v2\/media\/259593"}],"wp:attachment":[{"href":"https:\/\/www.orangelo.io\/en\/wp-json\/wp\/v2\/media?parent=259583"}],"wp:term":[{"taxonomy":"product_cat","embeddable":true,"href":"https:\/\/www.orangelo.io\/en\/wp-json\/wp\/v2\/product_cat?post=259583"},{"taxonomy":"product_tag","embeddable":true,"href":"https:\/\/www.orangelo.io\/en\/wp-json\/wp\/v2\/product_tag?post=259583"}],"curies":[{"name":"wp","href":"https:\/\/api.w.org\/{rel}","templated":true}]}}