{"id":275380,"date":"2021-08-10T16:30:02","date_gmt":"2021-08-10T14:30:02","guid":{"rendered":"https:\/\/www.orangelo.io\/produit\/pouf-carry-on\/"},"modified":"2024-06-10T16:18:58","modified_gmt":"2024-06-10T14:18:58","slug":"pouf-carry-on","status":"publish","type":"product","link":"https:\/\/www.orangelo.io\/en\/produit\/pouf-carry-on\/","title":{"rendered":"Carry On Ottoman"},"content":{"rendered":"","protected":false},"excerpt":{"rendered":"<p>Carry On is a portable seating solution that works perfectly both on its own and as a complement to other products. Carry On is not only physically flexible, it also tells the user how to use it, thanks to the handle on top. Carry On&#8217;s round yet simple shapes combine traditional materials and craftsmanship with contemporary design and function. Il donne l&#8217;impression d&#8217;\u00eatre taill\u00e9 sur mesure, avec des coutures qui t\u00e9moignent d&#8217;un bon savoir-faire. Carry On is easy to stack, so there&#8217;s no need to store it elsewhere when not in use.<\/p>\n<p>&nbsp;<\/p>\n","protected":false},"featured_media":270750,"comment_status":"open","ping_status":"closed","template":"","meta":{"_acf_changed":false,"_et_pb_use_builder":"","_et_pb_old_content":"","_et_gb_content_width":"","inline_featured_image":false},"product_cat":[103],"product_tag":[],"class_list":{"0":"post-275380","1":"product","2":"type-product","3":"status-publish","4":"has-post-thumbnail","6":"product_cat-assises-en","8":"first","9":"instock","10":"shipping-taxable","11":"product-type-simple"},"acf":[],"_links":{"self":[{"href":"https:\/\/www.orangelo.io\/en\/wp-json\/wp\/v2\/product\/275380","targetHints":{"allow":["GET"]}}],"collection":[{"href":"https:\/\/www.orangelo.io\/en\/wp-json\/wp\/v2\/product"}],"about":[{"href":"https:\/\/www.orangelo.io\/en\/wp-json\/wp\/v2\/types\/product"}],"replies":[{"embeddable":true,"href":"https:\/\/www.orangelo.io\/en\/wp-json\/wp\/v2\/comments?post=275380"}],"wp:featuredmedia":[{"embeddable":true,"href":"https:\/\/www.orangelo.io\/en\/wp-json\/wp\/v2\/media\/270750"}],"wp:attachment":[{"href":"https:\/\/www.orangelo.io\/en\/wp-json\/wp\/v2\/media?parent=275380"}],"wp:term":[{"taxonomy":"product_cat","embeddable":true,"href":"https:\/\/www.orangelo.io\/en\/wp-json\/wp\/v2\/product_cat?post=275380"},{"taxonomy":"product_tag","embeddable":true,"href":"https:\/\/www.orangelo.io\/en\/wp-json\/wp\/v2\/product_tag?post=275380"}],"curies":[{"name":"wp","href":"https:\/\/api.w.org\/{rel}","templated":true}]}}