{"id":275569,"date":"2022-07-18T08:22:03","date_gmt":"2022-07-18T06:22:03","guid":{"rendered":"https:\/\/www.orangelo.io\/produit\/chaise-afi\/"},"modified":"2024-06-12T11:03:33","modified_gmt":"2024-06-12T09:03:33","slug":"chaise-afi","status":"publish","type":"product","link":"https:\/\/www.orangelo.io\/en\/produit\/chaise-afi\/","title":{"rendered":"Afi Chair"},"content":{"rendered":"","protected":false},"excerpt":{"rendered":"<p>Attention to detail and the finest craftsmanship make the AFI chair the ideal all-rounder. L&#8217;attention port\u00e9e aux d\u00e9tails et la qualit\u00e9 de fabrication font de la chaise AFI la chaise polyvalente id\u00e9ale. The backrest, designed with comfort in mind, gently wraps around the user to ensure a stable seating position. AFI&#8217;s matte black frame blends perfectly into any interior, emphasizing the chair&#8217;s elegant shape. The seat and backrest are in plywood with a veneer available in two shades of oak. Afi is stackable. Up to 5 chairs or stools can be stacked.<\/p>\n","protected":false},"featured_media":272331,"comment_status":"open","ping_status":"closed","template":"","meta":{"_acf_changed":false,"_et_pb_use_builder":"","_et_pb_old_content":"","_et_gb_content_width":"","inline_featured_image":false},"product_cat":[103],"product_tag":[],"class_list":{"0":"post-275569","1":"product","2":"type-product","3":"status-publish","4":"has-post-thumbnail","6":"product_cat-assises-en","8":"first","9":"instock","10":"shipping-taxable","11":"product-type-simple"},"acf":[],"_links":{"self":[{"href":"https:\/\/www.orangelo.io\/en\/wp-json\/wp\/v2\/product\/275569","targetHints":{"allow":["GET"]}}],"collection":[{"href":"https:\/\/www.orangelo.io\/en\/wp-json\/wp\/v2\/product"}],"about":[{"href":"https:\/\/www.orangelo.io\/en\/wp-json\/wp\/v2\/types\/product"}],"replies":[{"embeddable":true,"href":"https:\/\/www.orangelo.io\/en\/wp-json\/wp\/v2\/comments?post=275569"}],"wp:featuredmedia":[{"embeddable":true,"href":"https:\/\/www.orangelo.io\/en\/wp-json\/wp\/v2\/media\/272331"}],"wp:attachment":[{"href":"https:\/\/www.orangelo.io\/en\/wp-json\/wp\/v2\/media?parent=275569"}],"wp:term":[{"taxonomy":"product_cat","embeddable":true,"href":"https:\/\/www.orangelo.io\/en\/wp-json\/wp\/v2\/product_cat?post=275569"},{"taxonomy":"product_tag","embeddable":true,"href":"https:\/\/www.orangelo.io\/en\/wp-json\/wp\/v2\/product_tag?post=275569"}],"curies":[{"name":"wp","href":"https:\/\/api.w.org\/{rel}","templated":true}]}}