{"id":275649,"date":"2022-09-27T09:06:14","date_gmt":"2022-09-27T07:06:14","guid":{"rendered":"https:\/\/www.orangelo.io\/produit\/tabouret-all-wood-rocket\/"},"modified":"2024-06-12T14:34:02","modified_gmt":"2024-06-12T12:34:02","slug":"tabouret-all-wood-rocket","status":"publish","type":"product","link":"https:\/\/www.orangelo.io\/en\/produit\/tabouret-all-wood-rocket\/","title":{"rendered":"All Wood Rocket Stool"},"content":{"rendered":"","protected":false},"excerpt":{"rendered":"<p>Comme un bon ami, le tabouret All Wood est facile \u00e0 vivre. Ce meuble d&#8217;appoint fonctionnel peut servir de table d&#8217;appoint, de si\u00e8ge ou de plateforme pour exposer vos objets pr\u00e9f\u00e9r\u00e9s. Il suffit de tourner le m\u00e9canisme \u00e0 vis pour r\u00e9gler la hauteur en fonction des besoins. La designer Karoline Fesser fait un clin d&#8217;\u0153il aux ic\u00f4nes du milieu du si\u00e8cle, comme le tabouret Time Life d&#8217;Eames, ainsi qu&#8217;aux meubles d&#8217;atelier fonctionnels tels que les tables de sculpteurs.<\/p>\n","protected":false},"featured_media":273151,"comment_status":"open","ping_status":"closed","template":"","meta":{"_acf_changed":false,"_et_pb_use_builder":"","_et_pb_old_content":"","_et_gb_content_width":"","inline_featured_image":false},"product_cat":[103,81],"product_tag":[],"class_list":{"0":"post-275649","1":"product","2":"type-product","3":"status-publish","4":"has-post-thumbnail","6":"product_cat-assises-en","7":"product_cat-non-classifiee","9":"first","10":"instock","11":"shipping-taxable","12":"product-type-simple"},"acf":[],"_links":{"self":[{"href":"https:\/\/www.orangelo.io\/en\/wp-json\/wp\/v2\/product\/275649","targetHints":{"allow":["GET"]}}],"collection":[{"href":"https:\/\/www.orangelo.io\/en\/wp-json\/wp\/v2\/product"}],"about":[{"href":"https:\/\/www.orangelo.io\/en\/wp-json\/wp\/v2\/types\/product"}],"replies":[{"embeddable":true,"href":"https:\/\/www.orangelo.io\/en\/wp-json\/wp\/v2\/comments?post=275649"}],"wp:featuredmedia":[{"embeddable":true,"href":"https:\/\/www.orangelo.io\/en\/wp-json\/wp\/v2\/media\/273151"}],"wp:attachment":[{"href":"https:\/\/www.orangelo.io\/en\/wp-json\/wp\/v2\/media?parent=275649"}],"wp:term":[{"taxonomy":"product_cat","embeddable":true,"href":"https:\/\/www.orangelo.io\/en\/wp-json\/wp\/v2\/product_cat?post=275649"},{"taxonomy":"product_tag","embeddable":true,"href":"https:\/\/www.orangelo.io\/en\/wp-json\/wp\/v2\/product_tag?post=275649"}],"curies":[{"name":"wp","href":"https:\/\/api.w.org\/{rel}","templated":true}]}}