{"id":276234,"date":"2024-09-04T10:34:32","date_gmt":"2024-09-04T08:34:32","guid":{"rendered":"https:\/\/www.orangelo.io\/?post_type=product&#038;p=276234"},"modified":"2025-07-08T08:32:30","modified_gmt":"2025-07-08T06:32:30","slug":"tabouret-ann","status":"publish","type":"product","link":"https:\/\/www.orangelo.io\/en\/produit\/tabouret-ann\/","title":{"rendered":"Tabouret Ann"},"content":{"rendered":"","protected":false},"excerpt":{"rendered":"<p>Un tabouret de bar qui combine monocoque en h\u00eatre plaqu\u00e9 et pi\u00e8tement m\u00e9tal noir mat. ANN est une chaise haute fabriqu\u00e9e en Espagne par la marque Inclass. Pratique et confortable et avec un repose pieds. Tabouret haut coque en bois avec pi\u00e8tement traineau en tige d&#8217;acier ronde.<\/p>\n","protected":false},"featured_media":277023,"comment_status":"open","ping_status":"closed","template":"","meta":{"_acf_changed":false,"_et_pb_use_builder":"","_et_pb_old_content":"","_et_gb_content_width":"","inline_featured_image":false},"product_cat":[44],"product_tag":[],"class_list":{"0":"post-276234","1":"product","2":"type-product","3":"status-publish","4":"has-post-thumbnail","6":"product_cat-assises","8":"first","9":"instock","10":"shipping-taxable","11":"product-type-simple"},"acf":[],"_links":{"self":[{"href":"https:\/\/www.orangelo.io\/en\/wp-json\/wp\/v2\/product\/276234","targetHints":{"allow":["GET"]}}],"collection":[{"href":"https:\/\/www.orangelo.io\/en\/wp-json\/wp\/v2\/product"}],"about":[{"href":"https:\/\/www.orangelo.io\/en\/wp-json\/wp\/v2\/types\/product"}],"replies":[{"embeddable":true,"href":"https:\/\/www.orangelo.io\/en\/wp-json\/wp\/v2\/comments?post=276234"}],"wp:featuredmedia":[{"embeddable":true,"href":"https:\/\/www.orangelo.io\/en\/wp-json\/wp\/v2\/media\/277023"}],"wp:attachment":[{"href":"https:\/\/www.orangelo.io\/en\/wp-json\/wp\/v2\/media?parent=276234"}],"wp:term":[{"taxonomy":"product_cat","embeddable":true,"href":"https:\/\/www.orangelo.io\/en\/wp-json\/wp\/v2\/product_cat?post=276234"},{"taxonomy":"product_tag","embeddable":true,"href":"https:\/\/www.orangelo.io\/en\/wp-json\/wp\/v2\/product_tag?post=276234"}],"curies":[{"name":"wp","href":"https:\/\/api.w.org\/{rel}","templated":true}]}}