{"id":276243,"date":"2024-09-04T10:41:46","date_gmt":"2024-09-04T08:41:46","guid":{"rendered":"https:\/\/www.orangelo.io\/?post_type=product&#038;p=276243"},"modified":"2024-09-04T10:41:46","modified_gmt":"2024-09-04T08:41:46","slug":"table-basse-mil-2","status":"publish","type":"product","link":"https:\/\/www.orangelo.io\/en\/produit\/table-basse-mil-2\/","title":{"rendered":"Table basse Mil"},"content":{"rendered":"","protected":false},"excerpt":{"rendered":"<p>Un embo\u00eetement de quatre \u00e9l\u00e9ments basiques, la pr\u00e9sence de trois mat\u00e9riaux nobles, deux couleurs sophistiqu\u00e9es. Une table basse au design solide qui souligne la sobri\u00e9t\u00e9 des formes et la valeur intrins\u00e8que du bois, du verre et du marbre.<\/p>\n","protected":false},"featured_media":276244,"comment_status":"open","ping_status":"closed","template":"","meta":{"_acf_changed":false,"_et_pb_use_builder":"","_et_pb_old_content":"","_et_gb_content_width":"","inline_featured_image":false},"product_cat":[32],"product_tag":[118],"class_list":{"0":"post-276243","1":"product","2":"type-product","3":"status-publish","4":"has-post-thumbnail","6":"product_cat-tables","7":"product_tag-occasion","9":"first","10":"instock","11":"shipping-taxable","12":"product-type-simple"},"acf":[],"_links":{"self":[{"href":"https:\/\/www.orangelo.io\/en\/wp-json\/wp\/v2\/product\/276243","targetHints":{"allow":["GET"]}}],"collection":[{"href":"https:\/\/www.orangelo.io\/en\/wp-json\/wp\/v2\/product"}],"about":[{"href":"https:\/\/www.orangelo.io\/en\/wp-json\/wp\/v2\/types\/product"}],"replies":[{"embeddable":true,"href":"https:\/\/www.orangelo.io\/en\/wp-json\/wp\/v2\/comments?post=276243"}],"wp:featuredmedia":[{"embeddable":true,"href":"https:\/\/www.orangelo.io\/en\/wp-json\/wp\/v2\/media\/276244"}],"wp:attachment":[{"href":"https:\/\/www.orangelo.io\/en\/wp-json\/wp\/v2\/media?parent=276243"}],"wp:term":[{"taxonomy":"product_cat","embeddable":true,"href":"https:\/\/www.orangelo.io\/en\/wp-json\/wp\/v2\/product_cat?post=276243"},{"taxonomy":"product_tag","embeddable":true,"href":"https:\/\/www.orangelo.io\/en\/wp-json\/wp\/v2\/product_tag?post=276243"}],"curies":[{"name":"wp","href":"https:\/\/api.w.org\/{rel}","templated":true}]}}