{"id":276254,"date":"2024-09-04T10:53:54","date_gmt":"2024-09-04T08:53:54","guid":{"rendered":"https:\/\/www.orangelo.io\/?post_type=product&#038;p=276254"},"modified":"2025-06-13T15:22:31","modified_gmt":"2025-06-13T13:22:31","slug":"applique-acoustique-buzzimoon","status":"publish","type":"product","link":"https:\/\/www.orangelo.io\/en\/produit\/applique-acoustique-buzzimoon\/","title":{"rendered":"Applique acoustique BuzziMoon"},"content":{"rendered":"","protected":false},"excerpt":{"rendered":"<p>Buzzimoon est un disque rond insonorisant avec \u00e9clairage de plafond. BuzziMoon offre le meilleur des deux mondes ; un \u00e9clairage g\u00e9n\u00e9ral hautement fonctionnel int\u00e9gr\u00e9 dans une solution de plafond acoustique \u00e9prouv\u00e9e.\u200e Le module d&#8217;\u00e9clairage LED est con\u00e7u sp\u00e9cifiquement pour r\u00e9pondre \u00e0 la demande d&#8217;\u00e9clairage g\u00e9n\u00e9ral dans les bureaux.\u200e Le module LED a une puissance de 2500 lumens \u00e0 une temp\u00e9rature de 3000K.\u200e Le diffuseur lui conf\u00e8re un \u00e9clairage de type &#8220;pleine lune&#8221;.\u200e<\/p>\n","protected":false},"featured_media":276263,"comment_status":"open","ping_status":"closed","template":"","meta":{"_acf_changed":false,"_et_pb_use_builder":"","_et_pb_old_content":"","_et_gb_content_width":"","inline_featured_image":false},"product_cat":[35,36],"product_tag":[118],"class_list":{"0":"post-276254","1":"product","2":"type-product","3":"status-publish","4":"has-post-thumbnail","6":"product_cat-acoustique","7":"product_cat-eclairage","8":"product_tag-occasion","10":"first","11":"instock","12":"shipping-taxable","13":"product-type-simple"},"acf":[],"_links":{"self":[{"href":"https:\/\/www.orangelo.io\/en\/wp-json\/wp\/v2\/product\/276254","targetHints":{"allow":["GET"]}}],"collection":[{"href":"https:\/\/www.orangelo.io\/en\/wp-json\/wp\/v2\/product"}],"about":[{"href":"https:\/\/www.orangelo.io\/en\/wp-json\/wp\/v2\/types\/product"}],"replies":[{"embeddable":true,"href":"https:\/\/www.orangelo.io\/en\/wp-json\/wp\/v2\/comments?post=276254"}],"wp:featuredmedia":[{"embeddable":true,"href":"https:\/\/www.orangelo.io\/en\/wp-json\/wp\/v2\/media\/276263"}],"wp:attachment":[{"href":"https:\/\/www.orangelo.io\/en\/wp-json\/wp\/v2\/media?parent=276254"}],"wp:term":[{"taxonomy":"product_cat","embeddable":true,"href":"https:\/\/www.orangelo.io\/en\/wp-json\/wp\/v2\/product_cat?post=276254"},{"taxonomy":"product_tag","embeddable":true,"href":"https:\/\/www.orangelo.io\/en\/wp-json\/wp\/v2\/product_tag?post=276254"}],"curies":[{"name":"wp","href":"https:\/\/api.w.org\/{rel}","templated":true}]}}