{"id":276697,"date":"2025-06-12T13:58:16","date_gmt":"2025-06-12T11:58:16","guid":{"rendered":"https:\/\/www.orangelo.io\/?post_type=product&#038;p=276697"},"modified":"2025-06-12T13:58:16","modified_gmt":"2025-06-12T11:58:16","slug":"pouf-ostoa","status":"publish","type":"product","link":"https:\/\/www.orangelo.io\/en\/produit\/pouf-ostoa\/","title":{"rendered":"Pouf Ostoa"},"content":{"rendered":"","protected":false},"excerpt":{"rendered":"<p>Caract\u00e9ris\u00e9e par un design \u00e0 la beaut\u00e9 naturelle et inspir\u00e9e par la forme d\u00e9licate d&#8217;une feuille fra\u00eechement tomb\u00e9e de l&#8217;arbre, la collection Ostoa par Akaba est sign\u00e9e de la main du designer basque Ander Lizaso. Structure bloc de mousse \u00e0 2 densit\u00e9s. Base bois de 10 mm d&#8217;\u00e9paisseur. Patins en polypropyl\u00e8ne. Collection de pouf en 3 dimensions: S, M y L. Dimensions : S 560x460x590mm | M 570x670x770mm | L 1050x1200x700mm.<\/p>\n","protected":false},"featured_media":276698,"comment_status":"open","ping_status":"closed","template":"","meta":{"_acf_changed":false,"_et_pb_use_builder":"","_et_pb_old_content":"","_et_gb_content_width":"","inline_featured_image":false},"product_cat":[44],"product_tag":[],"class_list":{"0":"post-276697","1":"product","2":"type-product","3":"status-publish","4":"has-post-thumbnail","6":"product_cat-assises","8":"first","9":"instock","10":"shipping-taxable","11":"product-type-simple"},"acf":[],"_links":{"self":[{"href":"https:\/\/www.orangelo.io\/en\/wp-json\/wp\/v2\/product\/276697","targetHints":{"allow":["GET"]}}],"collection":[{"href":"https:\/\/www.orangelo.io\/en\/wp-json\/wp\/v2\/product"}],"about":[{"href":"https:\/\/www.orangelo.io\/en\/wp-json\/wp\/v2\/types\/product"}],"replies":[{"embeddable":true,"href":"https:\/\/www.orangelo.io\/en\/wp-json\/wp\/v2\/comments?post=276697"}],"wp:featuredmedia":[{"embeddable":true,"href":"https:\/\/www.orangelo.io\/en\/wp-json\/wp\/v2\/media\/276698"}],"wp:attachment":[{"href":"https:\/\/www.orangelo.io\/en\/wp-json\/wp\/v2\/media?parent=276697"}],"wp:term":[{"taxonomy":"product_cat","embeddable":true,"href":"https:\/\/www.orangelo.io\/en\/wp-json\/wp\/v2\/product_cat?post=276697"},{"taxonomy":"product_tag","embeddable":true,"href":"https:\/\/www.orangelo.io\/en\/wp-json\/wp\/v2\/product_tag?post=276697"}],"curies":[{"name":"wp","href":"https:\/\/api.w.org\/{rel}","templated":true}]}}