{"id":276935,"date":"2025-06-19T16:56:33","date_gmt":"2025-06-19T14:56:33","guid":{"rendered":"https:\/\/www.orangelo.io\/?post_type=product&#038;p=276935"},"modified":"2025-06-19T16:56:34","modified_gmt":"2025-06-19T14:56:34","slug":"canape-selab","status":"publish","type":"product","link":"https:\/\/www.orangelo.io\/en\/produit\/canape-selab\/","title":{"rendered":"Canap\u00e9 SE:LAB"},"content":{"rendered":"","protected":false},"excerpt":{"rendered":"<p>Flexibles dans leur usage et faciles \u00e0 d\u00e9placer, les se:lab sofas sont de v\u00e9ritables alli\u00e9s, vecteur d&#8217;agilit\u00e9 \u2013 id\u00e9al lors de workshops ou d&#8217;\u00e9changes spontan\u00e9s. G\u00e9n\u00e9reusement capitonn\u00e9s, ces canap\u00e9s douillets permettent aux utilisateurs de varier les postures : on peut y \u00eatre assis bien droit ou agr\u00e9ablement pench\u00e9 en arri\u00e8re. Moelleux et tr\u00e8s confortables, en mod\u00e8le une place ou deux places, ils contribuent \u00e0 d\u00e9tendre l&#8217;atmosph\u00e8re \u2013 quel que soit l&#8217;espace o\u00f9 il sont install\u00e9s.<\/p>\n","protected":false},"featured_media":276944,"comment_status":"open","ping_status":"closed","template":"","meta":{"_acf_changed":false,"_et_pb_use_builder":"","_et_pb_old_content":"","_et_gb_content_width":"","inline_featured_image":false},"product_cat":[44],"product_tag":[],"class_list":{"0":"post-276935","1":"product","2":"type-product","3":"status-publish","4":"has-post-thumbnail","6":"product_cat-assises","8":"first","9":"instock","10":"shipping-taxable","11":"product-type-simple"},"acf":[],"_links":{"self":[{"href":"https:\/\/www.orangelo.io\/en\/wp-json\/wp\/v2\/product\/276935","targetHints":{"allow":["GET"]}}],"collection":[{"href":"https:\/\/www.orangelo.io\/en\/wp-json\/wp\/v2\/product"}],"about":[{"href":"https:\/\/www.orangelo.io\/en\/wp-json\/wp\/v2\/types\/product"}],"replies":[{"embeddable":true,"href":"https:\/\/www.orangelo.io\/en\/wp-json\/wp\/v2\/comments?post=276935"}],"wp:featuredmedia":[{"embeddable":true,"href":"https:\/\/www.orangelo.io\/en\/wp-json\/wp\/v2\/media\/276944"}],"wp:attachment":[{"href":"https:\/\/www.orangelo.io\/en\/wp-json\/wp\/v2\/media?parent=276935"}],"wp:term":[{"taxonomy":"product_cat","embeddable":true,"href":"https:\/\/www.orangelo.io\/en\/wp-json\/wp\/v2\/product_cat?post=276935"},{"taxonomy":"product_tag","embeddable":true,"href":"https:\/\/www.orangelo.io\/en\/wp-json\/wp\/v2\/product_tag?post=276935"}],"curies":[{"name":"wp","href":"https:\/\/api.w.org\/{rel}","templated":true}]}}